{"id":22,"date":"2015-08-14T15:45:11","date_gmt":"2015-08-14T14:45:11","guid":{"rendered":"http:\/\/dgaspcmures.ro\/corai\/?page_id=22"},"modified":"2017-09-06T11:44:05","modified_gmt":"2017-09-06T10:44:05","slug":"rezultate","status":"publish","type":"page","link":"https:\/\/dgaspcmures.ro\/corai\/despre-proiect\/rezultate\/","title":{"rendered":"Rezultate"},"content":{"rendered":"<p align=\"justify\"><span style=\"font-family: Arial,serif;\"><span style=\"font-size: medium;\">In urma implementarii proiectului, la nivelul judetului Mures:<\/span><\/span><\/p>\n<ul>\n<li>\n<p align=\"justify\"><span style=\"font-family: Arial,serif;\"><span style=\"font-size: medium;\">A fost creata <\/span><\/span><span style=\"font-family: Arial,serif;\"><span style=\"font-size: medium;\"><b>o retea interinstitutionala de prevenire, combatere si interventie a violentei asupra copiilor<\/b><\/span><\/span><\/p>\n<\/li>\n<li>\n<p align=\"justify\"><span style=\"font-family: Arial,serif;\"><span style=\"font-size: medium;\">In cadrul DGASPC Mures a fost<\/span><\/span><span style=\"font-family: Arial,serif;\"><span style=\"font-size: medium;\"><b> dezvoltat serviciul &#8220;Telefonul Copilului si Echipa Mobila&#8221;<\/b><\/span><\/span><span style=\"font-family: Arial,serif;\"><span style=\"font-size: medium;\"> care are atributii pe prevenirea, combaterea si interventia in cazurile de abuz, neglijare sau exploatare sesizate. Sediul in care isi desfasoara activitatea a fost dotat cu mijloace necesare desf\u0103\u015fur\u0103rii activit\u0103\u0163ii (centrala telefonica, echipament IT, mobilier).<\/span><\/span><\/p>\n<\/li>\n<li>\n<p align=\"justify\"><span style=\"font-family: Arial,serif;\"><span style=\"font-size: medium;\">In luna iulie 2016 a <\/span><\/span><span style=\"font-family: Arial,serif;\"><span style=\"font-size: medium;\"><b>fost infiin\u0163at\u0103, prin Hotar\u00e2re a Consiliului Jude\u0163ean Mure\u015f, Echipa intersectorial\u0103 local\u0103 (EIL) <\/b><\/span><\/span><span style=\"font-family: Arial,serif;\"><span style=\"font-size: medium;\">pt. prevenirea si interventia in cazuri de risc a copiilor, a fost intocmit Regulamentul de organizare si functionare al acesteia. EIL se intruneste in sedin\u0163e lunare pentru a dezbate tehnici de lucru comune si studii de caz. <\/span><\/span><\/p>\n<\/li>\n<li>\n<p align=\"justify\"><span style=\"font-family: Arial,serif;\"><span style=\"font-size: medium;\">A fost activat <\/span><\/span><span style=\"font-family: Arial,serif;\"><span style=\"font-size: medium;\"><b>Telefonul Copilului TELVERDE 0800 800 883, <\/b><\/span><\/span><span style=\"font-family: Arial,serif;\"><span style=\"font-size: medium;\">un serviciu gratuit pentru populatie pentru sesizarea cazurilor de abuz, neglijenta sau exploatare a copilului. A fost conceput un spot tv de promovare a acestuia, care se difuzeaza pe posturile locale din judet.<\/span><\/span><\/p>\n<\/li>\n<li>\n<p align=\"justify\"><span style=\"font-family: Arial,serif;\"><span style=\"font-size: medium;\">Au fost intocmite doua <\/span><\/span><span style=\"font-family: Arial,serif;\"><span style=\"font-size: medium;\"><b>ghiduri metodologice<\/b><\/span><\/span><span style=\"font-family: Arial,serif;\"><span style=\"font-size: medium;\">: un Ghid de interventie\/actiune comuna in situatii de risc in care se afla copilul precum si un Ghid de comunicare cu copii aflati in situatii de risc (inclusiv cu victime copii analfabeti, cu deficiente mintale sau cu diverse alte afectiuni senzoriale \u2013 surditate, mutitate, nevazatori, etc). La sediul DGASPC Mures au fost organizate <\/span><\/span><span style=\"font-family: Arial,serif;\"><span style=\"font-size: medium;\"><b>sase sesiuni de diseminare a ghidurilor unui numar de 247 persoane<\/b><\/span><\/span><span style=\"font-family: Arial,serif;\"><span style=\"font-size: medium;\">, astfel:<\/span><\/span><\/p>\n<\/li>\n<\/ul>\n<p align=\"justify\">\u25cf <span style=\"font-family: Arial,serif;\"><span style=\"font-size: medium;\"><span lang=\"it-IT\">\u00een data de 5,6,7 aprilie 2016 &#8211; 3 sesiuni de diseminare <\/span><\/span><\/span><span style=\"font-family: Arial,serif;\"><span style=\"font-size: medium;\">adresate unui num\u0103r de 100 politisti din judetul Mures. <\/span><\/span><\/p>\n<p align=\"justify\">\u25cf <span style=\"font-family: Arial,serif;\"><span style=\"font-size: medium;\"><span lang=\"it-IT\">\u00een data de 12 si 14 aprilie 2016 &#8211; 2 sesiuni de diseminare <\/span><\/span><\/span><span style=\"font-family: Arial,serif;\"><span style=\"font-size: medium;\">adresate unui num\u0103r de 102 asistenti sociali sau persoane cu atributii de asistent\u0103 social\u0103 din cadrul Prim\u0103riilor din judetul Mures.<\/span><\/span><\/p>\n<p align=\"justify\">\u25cf <span style=\"font-family: Arial,serif;\"><span style=\"font-size: medium;\"><span lang=\"it-IT\">\u00een data de 26 aprilie 2016 o sesiune de diseminare <\/span><\/span><\/span><span style=\"font-family: Arial,serif;\"><span style=\"font-size: medium;\">adresata unui num\u0103r de 45 specialisti cu activitate \u00een domeniul prevenirii, combaterii violentei asupra copiilor din judetul Mures<\/span><\/span><span style=\"font-family: Arial,serif;\"><span style=\"font-size: medium;\"><span lang=\"it-IT\">.<\/span><\/span><\/span><\/p>\n<p align=\"justify\"><span style=\"font-family: Arial,serif;\"><span style=\"font-size: medium;\">Au fost realizate <\/span><\/span><span style=\"font-family: Arial,serif;\"><span style=\"font-size: medium;\"><b>sase campanii de informare si constientizare<\/b><\/span><\/span><span style=\"font-family: Arial,serif;\"><span style=\"font-size: medium;\"> pe tematica abuzului si a mijloacelor de sesizare a acestuia in sase localitati selectate din judetul Mures, astfel:<\/span><\/span><\/p>\n<p align=\"justify\"><span style=\"color: #000000;\">\u25cf <span style=\"font-family: Arial,serif;\"><span style=\"font-size: medium;\"><span lang=\"ro-RO\">\u00cen data de 11 mai 2016 \u00een localitatea <\/span><\/span><\/span><\/span><span style=\"color: #000000;\"><span style=\"font-family: Arial,serif;\"><span style=\"font-size: medium;\"><span lang=\"ro-RO\"><b>Nade\u015f<\/b><\/span><\/span><\/span><\/span><span style=\"color: #000000;\"><span style=\"font-family: Arial,serif;\"><span style=\"font-size: medium;\"><span lang=\"ro-RO\"> &#8211; la care au participat peste 100 de copii, p\u0103rin\u0163i \u015fi cadre didactice. \u00cen cadrul campaniei s-a promovat Telverde Telefonul Copilului 0800800883 \u015fi s-au distribuit materiale promo\u0163ionale cuprinz\u00e2nd informa\u0163ii despre proiect \u015fi finan\u0163atorii lui ( \u015fepci, tricouri, umbrele, plase inscrip\u0163ionate ). Campania la care au participat si cei doi parteneri ai proiectului IPJ Mure\u015f si Sava\u0163i Copiii- filiala Mure\u015f, a avut un caracter interactiv \u015fi feed-back pozitiv, asigur\u00e2nd astfel promovarea Telverde \u015fi la restul locuitorilor prin intermediul participantilor la campanie (galeria foto \u00een sec\u0163iunea media).<\/span><\/span><\/span><\/span><\/p>\n<p align=\"justify\"><span style=\"color: #000000;\">\u25cf <span style=\"font-family: Arial,serif;\"><span style=\"font-size: medium;\"><span lang=\"ro-RO\">\u00cen data de 12 mai 2016 \u00een localitatea <\/span><\/span><\/span><\/span><span style=\"color: #000000;\"><span style=\"font-family: Arial,serif;\"><span style=\"font-size: medium;\"><span lang=\"ro-RO\"><b>Dane\u015f<\/b><\/span><\/span><\/span><\/span><span style=\"color: #000000;\"><span style=\"font-family: Arial,serif;\"><span style=\"font-size: medium;\"><span lang=\"ro-RO\"> &#8211; la care au participat peste 100 de copii, p\u0103rin\u0163i \u015fi cadre didactice. \u00cen cadrul campaniei s-a promovat Telverde Telefonul Copilului 0800800883 \u015fi s-au distribuit materiale promo\u0163ionale cuprinz\u00e2nd informa\u0163ii despre proiect \u015fi finan\u0163atorii lui ( \u015fepci, tricouri, umbrele, plase inscrip\u0163ionate ). (galeria foto \u00een sec\u0163iunea media).<\/span><\/span><\/span><\/span><\/p>\n<p align=\"justify\"><span style=\"color: #000000;\">\u25cf <\/span><span style=\"font-family: Arial,serif;\"><span style=\"font-size: medium;\"><span lang=\"ro-RO\">\u00cen data de 16 mai 2016 \u00een localitatea <\/span><\/span><\/span><span style=\"font-family: Arial,serif;\"><span style=\"font-size: medium;\"><span lang=\"ro-RO\"><b>S\u0103rma\u015fu<\/b><\/span><\/span><\/span><span style=\"font-family: Arial,serif;\"><span style=\"font-size: medium;\"><span lang=\"ro-RO\"> &#8211; la care au participat peste 150 de copii, p\u0103rin\u0163i \u015fi cadre didactice. \u00cen cadrul campaniei s-a promovat Telverde Telefonul Copilului 0800800883 \u015fi s-au distribuit materiale promo\u0163ionale cuprinz\u00e2nd informa\u0163ii despre proiect \u015fi finan\u0163atorii lui ( \u015fepci, tricouri, umbrele, plase inscrip\u0163ionate ). (galeria foto \u00een sec\u0163iunea Media). <\/span><\/span><\/span><\/p>\n<p align=\"justify\">\u25cf <span style=\"font-family: Arial,serif;\"><span style=\"font-size: medium;\"><span lang=\"ro-RO\">\u00cen data de 19 mai 2016 \u00een localitatea <\/span><\/span><\/span><span style=\"font-family: Arial,serif;\"><span style=\"font-size: medium;\"><span lang=\"ro-RO\"><b>Iernut<\/b><\/span><\/span><\/span><span style=\"font-family: Arial,serif;\"><span style=\"font-size: medium;\"><span lang=\"ro-RO\"> la care au participat peste 150 de copii, p\u0103rin\u0163i \u015fi cadre didactice. \u00cen cadrul campaniei s-a promovat Telverde Telefonul Copilului 0800800883 \u015fi s-au distribuit materiale promo\u0163ionale cuprinz\u00e2nd informa\u0163ii despre proiect \u015fi finan\u0163atorii lui ( \u015fepci, tricouri, umbrele, plase inscrip\u0163ionate ). (galeria foto \u00een sec\u0163iunea media).<\/span><\/span><\/span><\/p>\n<p align=\"justify\">\u25cf <span style=\"font-family: Arial,serif;\"><span style=\"font-size: medium;\"><span lang=\"ro-RO\">\u00cen data de 25 mai 2016 \u00een localitatea <\/span><\/span><\/span><span style=\"font-family: Arial,serif;\"><span style=\"font-size: medium;\"><span lang=\"ro-RO\"><b>T\u00e2rn\u0103veni<\/b><\/span><\/span><\/span><span style=\"font-family: Arial,serif;\"><span style=\"font-size: medium;\"><span lang=\"ro-RO\"> la care au participat peste 150 de copii, p\u0103rin\u0163i \u015fi cadre didactice. \u00cen cadrul campaniei s-a promovat Telverde Telefonul Copilului 0800800883 \u015fi s-au distribuit materiale promo\u0163ionale cuprinz\u00e2nd informa\u0163ii despre proiect \u015fi finan\u0163atorii lui (\u015fepci, tricouri, umbrele, plase inscrip\u0163ionate). (galeria foto \u00een sec\u0163iunea media). <\/span><\/span><\/span><\/p>\n<p align=\"justify\">\u25cf <span style=\"font-family: Arial,serif;\"><span style=\"font-size: medium;\">la 01 iunie 2016, cu ocazia Zilei Interna\u0163ionale a Copilului, in Municipiul <\/span><\/span><span style=\"font-family: Arial,serif;\"><span style=\"font-size: medium;\"><b>T\u00e2rgu Mure\u015f<\/b><\/span><\/span><span style=\"font-family: Arial,serif;\"><span style=\"font-size: medium;\"><span lang=\"ro-RO\"> s-a desf\u0103\u015furat o campanie de con\u015ftientizare a problematicii abuzurilor asupra copiilor la care au participat peste 300 de copii, p\u0103rin\u0163i \u015fi cadre didactice. \u00cen cadrul campaniei s-a promovat Telverde Telefonul Copilului 0800800883 \u015fi s-au distribuit materiale promo\u0163ionale cuprinz\u00e2nd informa\u0163ii despre proiect \u015fi finan\u0163atorii lui (\u015fepci, tricouri, umbrele, plase inscrip\u0163ionate). Campania la care au participat si cei doi parteneri ai proiectului IPJ Mure\u015f si Sava\u0163i Copiii- filiala Mure\u015f, a avut un caracter interactiv, \u00een cadrul acestuia fiind organizate concursuri, jocuri cu mingea \u015fi cu baloane, desene pe asfalt, asigur\u00e2nd astfel promovarea Telverde \u015fi la restul locuitorilor prin intermediul participantilor la campanie (galeria foto \u00een sec\u0163iunea media).<\/span><\/span><\/span><\/p>\n<p align=\"justify\"><span style=\"font-family: Arial,serif;\"><span style=\"font-size: medium;\">&#8211; <\/span><\/span><span style=\"font-family: Arial,serif;\"><span style=\"font-size: medium;\"><span lang=\"it-IT\">Specialistii serviciului Telefonul copilului si echipa mobila preiau zilnic apelurile telefonice sosite pe linia Telverde, oferind consiliere \u015fi, \u00een func\u0163ie de gravitatea cazului sesizat, se deplaseaz\u0103 \u00een teren pentru a lua m\u0103surile care se impun. De la activarea sa, un num\u0103r de <\/span><\/span><\/span><span style=\"font-family: Arial,serif;\"><span style=\"font-size: medium;\"><span lang=\"it-IT\"><b>509 cazuri <\/b><\/span><\/span><\/span><span style=\"font-family: Arial,serif;\"><span style=\"font-size: medium;\"><span lang=\"it-IT\">de abuz, neglijare sau exploatare a copilului au fost sesizate prin intermediul Telefonului copilului.<\/span><\/span><\/span><\/p>\n<p align=\"justify\"><span style=\"font-family: Arial,serif;\"><span style=\"font-size: medium;\"><span lang=\"it-IT\">&#8211; Psihologii Asocia\u0163iei Salva\u0163i Copiii &#8211; filiala Mure\u015f ofer\u0103 consiliere psihologic\u0103 copiilor a c\u0103ror situa\u0163ie de risc a fost sesizat\u0103 prin Telefonul copilului. Peste <\/span><\/span><\/span><span style=\"font-family: Arial,serif;\"><span style=\"font-size: medium;\"><span lang=\"it-IT\"><b>60 de copii au fost consilia<\/b><\/span><\/span><\/span><span style=\"font-family: Arial,serif;\"><span style=\"font-size: medium;\"><span lang=\"ro-RO\"><b>\u0163i <\/b><\/span><\/span><\/span><span style=\"font-family: Arial,serif;\"><span style=\"font-size: medium;\"><span lang=\"ro-RO\">de la \u00eenceputul proiectului.<\/span><\/span><\/span><\/p>\n<p align=\"justify\"><span style=\"font-family: Arial,serif;\"><span style=\"font-size: medium;\"><span lang=\"it-IT\">&#8211; Asocia\u0163ia Salva\u0163i Copiii &#8211; filiala Mure\u015f desf\u0103\u015foar\u0103 \u015fedin\u0163e de educa\u0163ie parental\u0103 adresate p\u0103rin\u0163ilor a c\u0103ror copii s-au aflat \u00een situa\u0163ii de risc. Un num\u0103r de <\/span><\/span><\/span><span style=\"font-family: Arial,serif;\"><span style=\"font-size: medium;\"><span lang=\"it-IT\"><b>40 de p\u0103rin\u0163i au primit consiliere<\/b><\/span><\/span><\/span><span style=\"font-family: Arial,serif;\"><span style=\"font-size: medium;\"><span lang=\"it-IT\">. <\/span><\/span><\/span><\/p>\n<p align=\"justify\"><span style=\"font-family: Arial,Helvetica,sans-serif; font-size: 12pt;\"><span lang=\"ro-RO\">&#8211; \u00cen data de 20 septembrie 2016 a avut loc conferin\u0163a de \u00eenchidere a proiectului, la care au participat reprezentan\u0163i ai tuturor institu\u0163iilor cu atribu\u0163ii \u00een prevenirea \u015fi combaterea violen\u0163ei asupra copiilor at\u00e2t din jude\u0163ul Mure\u015f c\u00e2t \u015fi de la institu\u0163iile omoloage din regiunea Centru (respectiv din Alba-Iulia, Bra\u015fov, Covasna, Harghita, Sibiu). Au luat cuv\u00e2ntul reprezentan\u0163i ai Institu\u0163iei Prefectului Mure\u015f, a Consiliului Jude\u0163ean Mure\u015f \u015fi conducerea institu\u0163iilor \u015fi organiza\u0163iei implicate \u00een proiect. Au fost descrise: proiectul implementat, beneficiarii lui, rezultatele ob\u0163inute \u015fi dificult\u0103\u0163ile \u00eent\u00e2mpinate. Au fost prezentate \u015fi acordate participan\u0163ilor cele dou\u0103 ghiduri metodologice concepute. Au avut loc discu\u0163ii despre utilitatea serviciilor \u00eenfiin\u0163ate \u015fi necesitatea colabor\u0103rii dintre institu\u0163ii \u00een problematica abuzului copiilor.<\/span> <span lang=\"ro-RO\">Concluzia tuturor a fost ca proiectul a fost un succes si poate si replicat si in alte judete. (vezi imagini de la eveniment la rubrica \u201eGalerie foto\u201d)<\/span><\/span><\/p>\n","protected":false},"excerpt":{"rendered":"<p>In urma implementarii proiectului, la nivelul judetului Mures: A fost creata o retea interinstitutionala de prevenire, combatere si interventie a violentei asupra copiilor In cadrul DGASPC Mures a fost dezvoltat serviciul &#8220;Telefonul Copilului si Echipa Mobila&#8221; care are atributii pe prevenirea, combaterea si interventia in cazurile de abuz, neglijare sau exploatare sesizate. Sediul in care [&hellip;]<\/p>\n","protected":false},"author":1,"featured_media":0,"parent":12,"menu_order":0,"comment_status":"closed","ping_status":"closed","template":"","meta":{"footnotes":""},"class_list":["post-22","page","type-page","status-publish","hentry"],"_links":{"self":[{"href":"https:\/\/dgaspcmures.ro\/corai\/wp-json\/wp\/v2\/pages\/22","targetHints":{"allow":["GET"]}}],"collection":[{"href":"https:\/\/dgaspcmures.ro\/corai\/wp-json\/wp\/v2\/pages"}],"about":[{"href":"https:\/\/dgaspcmures.ro\/corai\/wp-json\/wp\/v2\/types\/page"}],"author":[{"embeddable":true,"href":"https:\/\/dgaspcmures.ro\/corai\/wp-json\/wp\/v2\/users\/1"}],"replies":[{"embeddable":true,"href":"https:\/\/dgaspcmures.ro\/corai\/wp-json\/wp\/v2\/comments?post=22"}],"version-history":[{"count":8,"href":"https:\/\/dgaspcmures.ro\/corai\/wp-json\/wp\/v2\/pages\/22\/revisions"}],"predecessor-version":[{"id":338,"href":"https:\/\/dgaspcmures.ro\/corai\/wp-json\/wp\/v2\/pages\/22\/revisions\/338"}],"up":[{"embeddable":true,"href":"https:\/\/dgaspcmures.ro\/corai\/wp-json\/wp\/v2\/pages\/12"}],"wp:attachment":[{"href":"https:\/\/dgaspcmures.ro\/corai\/wp-json\/wp\/v2\/media?parent=22"}],"curies":[{"name":"wp","href":"https:\/\/api.w.org\/{rel}","templated":true}]}}