{"id":16,"date":"2015-08-14T15:43:56","date_gmt":"2015-08-14T14:43:56","guid":{"rendered":"http:\/\/dgaspcmures.ro\/corai\/?page_id=16"},"modified":"2016-03-25T21:43:05","modified_gmt":"2016-03-25T21:43:05","slug":"echipa-de-implementare","status":"publish","type":"page","link":"https:\/\/dgaspcmures.ro\/corai\/despre-proiect\/echipa-de-implementare\/","title":{"rendered":"Echipa de implementare"},"content":{"rendered":"<p><strong>ECHIPA DE IMPLEMENTARE<\/strong><\/p>\n<p>Managementul proiectului este asigurat de DGASPC Mures cu o echipa alc\u0103tuit\u0103 din:<\/p>\n<ul>\n<li>Coordonator proiect<\/li>\n<li>Asistent coordonator proiect<\/li>\n<li>Responsabil financiar<\/li>\n<li>Responsabil cu achizitiile publice<\/li>\n<\/ul>\n<p>Echipa de implementare este formata din speciali\u015fti din cadrul Serviciului Telefonul copilului \u015fi echipa mobil\u0103 \u015fi din partea celor doi parteneri ai proiectului, respectiv Inspectoratul de Poli\u0163ie Jude\u0163ean Mure\u015f \u015fi Asocia\u0163ia \u201cSalva\u0163i copiii\u201d- filiala Mure\u015f, care indeplinesc urm\u0103toarele func\u0163ii:<\/p>\n<ul>\n<li>responsabil coordonarea actiunilor de interventie<\/li>\n<li>asistent social (4 persoane)<\/li>\n<li>psiholog (2 persoane)<\/li>\n<li>responsabil coordonarea activitatilor proiectului din partea I.P.J. Mures<\/li>\n<li>psiholog Asociatia &#8220;Salvati Copiii&#8221; (2 persoane)<\/li>\n<\/ul>\n","protected":false},"excerpt":{"rendered":"<p>ECHIPA DE IMPLEMENTARE Managementul proiectului este asigurat de DGASPC Mures cu o echipa alc\u0103tuit\u0103 din: Coordonator proiect Asistent coordonator proiect Responsabil financiar Responsabil cu achizitiile publice Echipa de implementare este formata din speciali\u015fti din cadrul Serviciului Telefonul copilului \u015fi echipa mobil\u0103 \u015fi din partea celor doi parteneri ai proiectului, respectiv Inspectoratul de Poli\u0163ie Jude\u0163ean Mure\u015f [&hellip;]<\/p>\n","protected":false},"author":1,"featured_media":0,"parent":12,"menu_order":0,"comment_status":"closed","ping_status":"closed","template":"","meta":{"footnotes":""},"class_list":["post-16","page","type-page","status-publish","hentry"],"_links":{"self":[{"href":"https:\/\/dgaspcmures.ro\/corai\/wp-json\/wp\/v2\/pages\/16","targetHints":{"allow":["GET"]}}],"collection":[{"href":"https:\/\/dgaspcmures.ro\/corai\/wp-json\/wp\/v2\/pages"}],"about":[{"href":"https:\/\/dgaspcmures.ro\/corai\/wp-json\/wp\/v2\/types\/page"}],"author":[{"embeddable":true,"href":"https:\/\/dgaspcmures.ro\/corai\/wp-json\/wp\/v2\/users\/1"}],"replies":[{"embeddable":true,"href":"https:\/\/dgaspcmures.ro\/corai\/wp-json\/wp\/v2\/comments?post=16"}],"version-history":[{"count":2,"href":"https:\/\/dgaspcmures.ro\/corai\/wp-json\/wp\/v2\/pages\/16\/revisions"}],"predecessor-version":[{"id":125,"href":"https:\/\/dgaspcmures.ro\/corai\/wp-json\/wp\/v2\/pages\/16\/revisions\/125"}],"up":[{"embeddable":true,"href":"https:\/\/dgaspcmures.ro\/corai\/wp-json\/wp\/v2\/pages\/12"}],"wp:attachment":[{"href":"https:\/\/dgaspcmures.ro\/corai\/wp-json\/wp\/v2\/media?parent=16"}],"curies":[{"name":"wp","href":"https:\/\/api.w.org\/{rel}","templated":true}]}}