{"id":12,"date":"2015-08-14T15:42:35","date_gmt":"2015-08-14T14:42:35","guid":{"rendered":"http:\/\/dgaspcmures.ro\/corai\/?page_id=12"},"modified":"2016-02-09T12:17:17","modified_gmt":"2016-02-09T12:17:17","slug":"despre-proiect","status":"publish","type":"page","link":"https:\/\/dgaspcmures.ro\/corai\/despre-proiect\/","title":{"rendered":"Despre Proiect"},"content":{"rendered":"<p><strong>TITLUL PROIECTULUI: Dezvoltarea in judetul Mure\u015f a Re\u0163elei interinstitutionale de prevenire, interventie si combatere a violentei asupra copiilor.<\/strong><\/p>\n<p><strong>SCOP: <\/strong>activarea si dezvoltarea in judetul Mures a unor mecanisme comune tuturor actorilor implicati (fie ei din mediul public sau privat) in domeniul prevenirii, combaterii si interventiei in cazurile sesizate de copii aflati in situatii de risc si asigurarea resurselor necesare functionarii acesteia.<\/p>\n<p><strong>OBIECTIVE: <\/strong><\/p>\n<ol>\n<li>A) Dezvoltarea unui parteneriat public\/privat prin implicarea tuturor factorilor cu atributii in domeniul social in crearea unei retele interinstitutionale judetene de prevenire, interventie si combatere a violentei indreptate impotriva copiilor.<\/li>\n<li>B) Elaborarea si punerea in practica a unor proceduri, metodologii si instrumente de lucru incluzive, comune specialistilor implicati in munca cu persoanele aflate in situatii de risc si vulnerabilitate, in particular cu copii, tineri si familii victime sau potentiale victime ale abuzului, neglijarii si exploatarii.<\/li>\n<li>C) Cresterea nivelului de cunostinte\/ profesional al persoanelor angajate in cadrul institutiilor si autoritatilor locale cu atributii de interventie si solutionare a cazurilor de risc.<\/li>\n<\/ol>\n<p><strong>ACTIVIT\u0102\u0162I PREV\u0102ZUTE:<\/strong><\/p>\n<ul>\n<li><strong>Dezvoltarea<\/strong><strong> Serviciului<\/strong> \u201cTelefonul copilului si echipa mobila de interventie\u201d din cadrul Serviciului de interventie in regim de urgenta, abuz, neglijare, trafic, migrare al DGASPC Mures<\/li>\n<li>Angajarea unui numar de <strong>6 specialisti (4 asistenti sociali si 2 psihologi)<\/strong> si instruirea personalului care va activa in cadrul Telefonului copilului si echipa mobila de interventie in situatii de urgenta<\/li>\n<li>Realizarea procedurilor interne de lucru in cadrul Serviciului Telefonul copilului si echipa mobila de interventie in situatii de urgenta<\/li>\n<li><strong>Activarea unui numar unic de urgenta gratuit<\/strong> de semnalare a cazurilor de abuz, neglijare si\/sau exploatare a copilului<\/li>\n<li><strong>Constituirea Echipei intersectoriale locale de prevenire, interventie si combatere<\/strong> a violentei si exploatarii copiilor (din reprezentanti ai institutiilor prevazute de legislatie) prin Hotarare a Consiliului Judetean Mures<\/li>\n<li>Intocmirea unui \u201c<strong>Ghid metodologic de actiune\/interventie<\/strong>\u201d pentru toate partile implicate in actiuni de prevenire si combatere a violentei indreptate \u00eempotriva copiilor (DGASPC Mures, IPJ Mures, prim\u0103rii, ONG-uri de profil)<\/li>\n<li>Intocmirea unui <strong>Ghid de bune practici de comunicare cu copii victime<\/strong> ale abuzului, neglijarii si\/sau exploatarii, inclusiv a celor analfabeti si\/sau care prezinta diferite tipuri de dizabilitati<\/li>\n<li><strong>Achizitia<\/strong> de bunuri mobile, echipamente si servicii necesare desfasurarii activitatilor prevazute in proiect (autoturisme, echipamente IT, servicii de instruire, de promovare, servicii IT, servicii de consiliere a copilului si familiei etc )<\/li>\n<li>Sesiuni de diseminare a Ghidurilor metodologice intocmite &#8211; cu personalul cu atributii in domeniul protectiei drepturilor copilului si interventie in caz de urgenta din cadrul autoritatilor locale \u00a0(Politie, Primarie)<\/li>\n<li><strong>Desfasurarea unor campanii de constientizare si informare asupra problematicii violentei\u00a0 asupra copilului<\/strong><\/li>\n<li>Asigurarea <strong>cursurilor de educatie parentala<\/strong> pentru familiile aflate in risc din comunitate<\/li>\n<li>Oferirea de servicii <strong>de consiliere si interventie copiilor<\/strong> care solicit\u0103 sprijin prin apelarea Telefonului copilului<\/li>\n<\/ul>\n<p><strong>\u00a0<\/strong><strong>BENEFICIARI:<\/strong><\/p>\n<ul>\n<li><strong>\u00a0<\/strong>Factori de decizie si specialisti din cadrul autoritatilor locale care au responsabilitati in domeniul asistentei sociale, in special cu atributii in protectia drepturilor copilului<\/li>\n<li>Participanti la campaniile organizate in locatiile:<\/li>\n<\/ul>\n<ol>\n<li>T\u00e2rgu \u2013 Mure\u015f<\/li>\n<li>T\u00e2rn\u0103veni<\/li>\n<li>Iernut<\/li>\n<li>S\u0103rma\u015f<\/li>\n<li>Nade\u015f<\/li>\n<li>Dane\u015f<\/li>\n<\/ol>\n<ul>\n<li>Reprezentanti ai unor ONG-uri care activeaza in domeniul protectiei drepturilor copilului<\/li>\n<li>Reprezentanti ai Grupurilor locale de initiativ\u0103<\/li>\n<li>Copii (0 -18 ani) care solicit\u0103 sprijin sau a caror situatie de risc este sesizat\u0103 prin apelarea numarului unic de urgenta si familiile acestora.<\/li>\n<\/ul>\n<p><strong>Numar estimat de beneficiari<\/strong>: 600<\/p>\n<p><strong>SOLICITANTI SI PARTENERI:<\/strong><\/p>\n<ol>\n<li><strong>\u00a0<\/strong>DGASPC Mures \u2013 solicitant<\/li>\n<li>Inspectoratul Judetean de Politie Mures \u2013 partener<\/li>\n<li>Organizatia \u201cSalvati Copiii \u2013 filiala Mures\u201d &#8211; partener<\/li>\n<\/ol>\n<p><strong>\u00a0<\/strong><strong>Valoare proiect: <\/strong>546.511 lei, aproximativ 120.000 Euro<\/p>\n<p><strong>Sursa de finan\u0163are:<\/strong> Apelul \u201cCOERENT\u201d din cadrul<strong> Programului RO10-CORAI, program finantat de Granturile SEE 2009-2014 si administrat <\/strong>de Fondul Rom\u00e2n de Dezvoltare Social\u0103 (FRDS)<\/p>\n<p><strong>Cofinantare: <\/strong>0% + eventuale cheltuieli considerate de finantator ca fiind neeligible<\/p>\n<p><strong>Durata de implementare: <\/strong>12 luni<\/p>\n<p><strong>Contractul de finan\u0163are al proiectul a fost semnat \u00een data de 07.05.2015.<\/strong><\/p>\n<p><span style=\"font-size: 14pt;\"><strong>Parteneri:<\/strong><\/span><\/p>\n<p><a href=\"https:\/\/ms.politiaromana.ro\/\" target=\"_blank\">Politia Romana<\/a><\/p>\n<p><a href=\"http:\/\/www.salvaticopiii.ro\/?id2=00030008\" target=\"_blank\">Salvati Copiii &#8211; Organizatie pentru protectia copilului si drepturile copilului.<\/a><\/p>\n","protected":false},"excerpt":{"rendered":"<p>TITLUL PROIECTULUI: Dezvoltarea in judetul Mure\u015f a Re\u0163elei interinstitutionale de prevenire, interventie si combatere a violentei asupra copiilor. SCOP: activarea si dezvoltarea in judetul Mures a unor mecanisme comune tuturor actorilor implicati (fie ei din mediul public sau privat) in domeniul prevenirii, combaterii si interventiei in cazurile sesizate de copii aflati in situatii de risc [&hellip;]<\/p>\n","protected":false},"author":1,"featured_media":0,"parent":0,"menu_order":0,"comment_status":"closed","ping_status":"closed","template":"","meta":{"footnotes":""},"class_list":["post-12","page","type-page","status-publish","hentry"],"_links":{"self":[{"href":"https:\/\/dgaspcmures.ro\/corai\/wp-json\/wp\/v2\/pages\/12","targetHints":{"allow":["GET"]}}],"collection":[{"href":"https:\/\/dgaspcmures.ro\/corai\/wp-json\/wp\/v2\/pages"}],"about":[{"href":"https:\/\/dgaspcmures.ro\/corai\/wp-json\/wp\/v2\/types\/page"}],"author":[{"embeddable":true,"href":"https:\/\/dgaspcmures.ro\/corai\/wp-json\/wp\/v2\/users\/1"}],"replies":[{"embeddable":true,"href":"https:\/\/dgaspcmures.ro\/corai\/wp-json\/wp\/v2\/comments?post=12"}],"version-history":[{"count":6,"href":"https:\/\/dgaspcmures.ro\/corai\/wp-json\/wp\/v2\/pages\/12\/revisions"}],"predecessor-version":[{"id":119,"href":"https:\/\/dgaspcmures.ro\/corai\/wp-json\/wp\/v2\/pages\/12\/revisions\/119"}],"wp:attachment":[{"href":"https:\/\/dgaspcmures.ro\/corai\/wp-json\/wp\/v2\/media?parent=12"}],"curies":[{"name":"wp","href":"https:\/\/api.w.org\/{rel}","templated":true}]}}